{"id":87,"date":"2024-06-08T03:06:46","date_gmt":"2024-06-08T03:06:46","guid":{"rendered":"https:\/\/uptechdev.xyz\/?page_id=87"},"modified":"2024-07-22T17:12:03","modified_gmt":"2024-07-22T17:12:03","slug":"blog","status":"publish","type":"page","link":"https:\/\/uptechdev.xyz\/?page_id=87","title":{"rendered":"Blog"},"content":{"rendered":"\t\t<div data-elementor-type=\"wp-page\" data-elementor-id=\"87\" class=\"elementor elementor-87\" data-elementor-post-type=\"page\">\n\t\t\t\t<div class=\"elementor-element elementor-element-cd39098 e-flex e-con-boxed e-con e-parent\" data-id=\"cd39098\" data-element_type=\"container\" data-e-type=\"container\">\n\t\t\t\t\t<div class=\"e-con-inner\">\n\t\t\t\t<div class=\"elementor-element elementor-element-7348d0c elementor-widget elementor-widget-heading\" data-id=\"7348d0c\" data-element_type=\"widget\" data-e-type=\"widget\" data-widget_type=\"heading.default\">\n\t\t\t\t<div class=\"elementor-widget-container\">\n\t\t\t\t\t<h2 class=\"elementor-heading-title elementor-size-default\">BLOG<\/h2>\t\t\t\t<\/div>\n\t\t\t\t<\/div>\n\t\t\t\t<div class=\"elementor-element elementor-element-8e4e9e6 elementor-grid-3 elementor-grid-tablet-2 elementor-grid-mobile-1 elementor-posts--thumbnail-top elementor-card-shadow-yes elementor-posts__hover-gradient elementor-widget elementor-widget-posts\" data-id=\"8e4e9e6\" data-element_type=\"widget\" data-e-type=\"widget\" data-settings=\"{&quot;pagination_type&quot;:&quot;numbers_and_prev_next&quot;,&quot;cards_columns&quot;:&quot;3&quot;,&quot;cards_columns_tablet&quot;:&quot;2&quot;,&quot;cards_columns_mobile&quot;:&quot;1&quot;,&quot;cards_row_gap&quot;:{&quot;unit&quot;:&quot;px&quot;,&quot;size&quot;:35,&quot;sizes&quot;:[]},&quot;cards_row_gap_tablet&quot;:{&quot;unit&quot;:&quot;px&quot;,&quot;size&quot;:&quot;&quot;,&quot;sizes&quot;:[]},&quot;cards_row_gap_mobile&quot;:{&quot;unit&quot;:&quot;px&quot;,&quot;size&quot;:&quot;&quot;,&quot;sizes&quot;:[]}}\" data-widget_type=\"posts.cards\">\n\t\t\t\t<div class=\"elementor-widget-container\">\n\t\t\t\t\t\t\t<div class=\"elementor-posts-container elementor-posts elementor-posts--skin-cards elementor-grid\">\n\t\t\t\t<article class=\"elementor-post elementor-grid-item post-731 post type-post status-publish format-standard has-post-thumbnail hentry category-blog tag-automatizacion-de-contenido tag-creacion-de-contenido-de-ia tag-generacion-de-contenido-automatizada tag-generacion-de-texto-de-ia tag-herramientas-de-escritura-de-ia\">\n\t\t\t<div class=\"elementor-post__card\">\n\t\t\t\t<a class=\"elementor-post__thumbnail__link\" href=\"https:\/\/uptechdev.xyz\/?p=731\" tabindex=\"-1\" ><div class=\"elementor-post__thumbnail\"><img fetchpriority=\"high\" decoding=\"async\" width=\"300\" height=\"200\" src=\"https:\/\/uptechdev.xyz\/wp-content\/uploads\/2024\/10\/image-42-300x200.png\" class=\"attachment-medium size-medium wp-image-733\" alt=\"\" srcset=\"https:\/\/uptechdev.xyz\/wp-content\/uploads\/2024\/10\/image-42-300x200.png 300w, https:\/\/uptechdev.xyz\/wp-content\/uploads\/2024\/10\/image-42-1024x683.png 1024w, https:\/\/uptechdev.xyz\/wp-content\/uploads\/2024\/10\/image-42-768x512.png 768w, https:\/\/uptechdev.xyz\/wp-content\/uploads\/2024\/10\/image-42.png 1500w\" sizes=\"(max-width: 300px) 100vw, 300px\" \/><\/div><\/a>\n\t\t\t\t<div class=\"elementor-post__badge\">blog<\/div>\n\t\t\t\t<div class=\"elementor-post__text\">\n\t\t\t\t<h3 class=\"elementor-post__title\">\n\t\t\t<a href=\"https:\/\/uptechdev.xyz\/?p=731\" >\n\t\t\t\tIA Impulsada por Creatividad: De las Ideas al Contenido Viral\t\t\t<\/a>\n\t\t<\/h3>\n\t\t\t\t<div class=\"elementor-post__excerpt\">\n\t\t\t<p>La inteligencia artificial (IA) ha revolucionado la forma en que las empresas y creadores de contenido desarrollan y comparten ideas. Hoy en d\u00eda, las herramientas de IA creativa est\u00e1n dise\u00f1adas<\/p>\n\t\t<\/div>\n\t\t\t\t\t<div class=\"elementor-post__read-more-wrapper\">\n\t\t\n\t\t<a class=\"elementor-post__read-more\" href=\"https:\/\/uptechdev.xyz\/?p=731\" aria-label=\"M\u00e1s informaci\u00f3n sobre IA Impulsada por Creatividad: De las Ideas al Contenido Viral\" tabindex=\"-1\" >\n\t\t\tLeer m\u00e1s\t\t<\/a>\n\n\t\t\t\t\t<\/div>\n\t\t\t\t<\/div>\n\t\t\t\t<div class=\"elementor-post__meta-data\">\n\t\t\t\t\t<span class=\"elementor-post-date\">\n\t\t\tenero 30, 2025\t\t<\/span>\n\t\t\t\t<\/div>\n\t\t\t\t\t<\/div>\n\t\t<\/article>\n\t\t\t\t<article class=\"elementor-post elementor-grid-item post-838 post type-post status-publish format-standard has-post-thumbnail hentry category-blog tag-aplicaciones-de-aprendizaje-profundo tag-automatizacion-de-contenido tag-automatizado-redaccion-de-blogs tag-contenido-impulsado-por-ia tag-creacion-de-contenido-de-aprendizaje-automatico tag-creacion-de-contenido-de-ia tag-generacion-de-contenido-automatizada tag-generacion-de-texto-de-ia tag-herramientas-de-escritura-de-ia tag-herramientas-de-marketing-de-ia tag-herramientas-de-procesamiento-de-lenguaje-natural tag-ia-creativa\">\n\t\t\t<div class=\"elementor-post__card\">\n\t\t\t\t<a class=\"elementor-post__thumbnail__link\" href=\"https:\/\/uptechdev.xyz\/?p=838\" tabindex=\"-1\" ><div class=\"elementor-post__thumbnail\"><img decoding=\"async\" width=\"300\" height=\"150\" src=\"https:\/\/uptechdev.xyz\/wp-content\/uploads\/2024\/11\/image-60-300x150.png\" class=\"attachment-medium size-medium wp-image-839\" alt=\"\" srcset=\"https:\/\/uptechdev.xyz\/wp-content\/uploads\/2024\/11\/image-60-300x150.png 300w, https:\/\/uptechdev.xyz\/wp-content\/uploads\/2024\/11\/image-60-1024x513.png 1024w, https:\/\/uptechdev.xyz\/wp-content\/uploads\/2024\/11\/image-60-768x385.png 768w, https:\/\/uptechdev.xyz\/wp-content\/uploads\/2024\/11\/image-60-1536x770.png 1536w, https:\/\/uptechdev.xyz\/wp-content\/uploads\/2024\/11\/image-60.png 1900w\" sizes=\"(max-width: 300px) 100vw, 300px\" \/><\/div><\/a>\n\t\t\t\t<div class=\"elementor-post__badge\">blog<\/div>\n\t\t\t\t<div class=\"elementor-post__text\">\n\t\t\t\t<h3 class=\"elementor-post__title\">\n\t\t\t<a href=\"https:\/\/uptechdev.xyz\/?p=838\" >\n\t\t\t\tAplicaciones de Aprendizaje Profundo: Revoluciona la Creaci\u00f3n de Contenido para tu Marca\t\t\t<\/a>\n\t\t<\/h3>\n\t\t\t\t<div class=\"elementor-post__excerpt\">\n\t\t\t<p>En la actualidad, las marcas compiten no solo por captar la atenci\u00f3n de su audiencia, sino por mantenerla. La clave para lograrlo radica en la capacidad de ofrecer contenido relevante,<\/p>\n\t\t<\/div>\n\t\t\t\t\t<div class=\"elementor-post__read-more-wrapper\">\n\t\t\n\t\t<a class=\"elementor-post__read-more\" href=\"https:\/\/uptechdev.xyz\/?p=838\" aria-label=\"M\u00e1s informaci\u00f3n sobre Aplicaciones de Aprendizaje Profundo: Revoluciona la Creaci\u00f3n de Contenido para tu Marca\" tabindex=\"-1\" >\n\t\t\tLeer m\u00e1s\t\t<\/a>\n\n\t\t\t\t\t<\/div>\n\t\t\t\t<\/div>\n\t\t\t\t<div class=\"elementor-post__meta-data\">\n\t\t\t\t\t<span class=\"elementor-post-date\">\n\t\t\tenero 27, 2025\t\t<\/span>\n\t\t\t\t<\/div>\n\t\t\t\t\t<\/div>\n\t\t<\/article>\n\t\t\t\t<\/div>\n\t\t\n\t\t\t\t<div class=\"e-load-more-anchor\" data-page=\"1\" data-max-page=\"42\" data-next-page=\"https:\/\/uptechdev.xyz\/index.php?rest_route=%2Fwp%2Fv2%2Fpages%2F87&#038;paged=2\"><\/div>\n\t\t\t\t<nav class=\"elementor-pagination\" aria-label=\"Paginaci\u00f3n\">\n\t\t\t<span class=\"page-numbers prev\"> Anterior<\/span>\n<span aria-current=\"page\" class=\"page-numbers current\"><span class=\"elementor-screen-only\">P\u00e1gina<\/span>1<\/span>\n<a class=\"page-numbers\" href=\"https:\/\/uptechdev.xyz\/index.php\/?paged=2\"><span class=\"elementor-screen-only\">P\u00e1gina<\/span>2<\/a>\n<a class=\"page-numbers\" href=\"https:\/\/uptechdev.xyz\/index.php\/?paged=3\"><span class=\"elementor-screen-only\">P\u00e1gina<\/span>3<\/a>\n<a class=\"page-numbers\" href=\"https:\/\/uptechdev.xyz\/index.php\/?paged=4\"><span class=\"elementor-screen-only\">P\u00e1gina<\/span>4<\/a>\n<a class=\"page-numbers\" href=\"https:\/\/uptechdev.xyz\/index.php\/?paged=5\"><span class=\"elementor-screen-only\">P\u00e1gina<\/span>5<\/a>\n<a class=\"page-numbers next\" href=\"https:\/\/uptechdev.xyz\/index.php?rest_route=%2Fwp%2Fv2%2Fpages%2F87&#038;paged=2\">Siguiente <\/a>\t\t<\/nav>\n\t\t\t\t\t\t<\/div>\n\t\t\t\t<\/div>\n\t\t\t\t\t<\/div>\n\t\t\t\t<\/div>\n\t\t\t\t<\/div>\n\t\t","protected":false},"excerpt":{"rendered":"<p>BLOG<\/p>\n","protected":false},"author":1,"featured_media":0,"parent":0,"menu_order":0,"comment_status":"closed","ping_status":"closed","template":"","meta":{"footnotes":""},"class_list":["post-87","page","type-page","status-publish","hentry"],"_links":{"self":[{"href":"https:\/\/uptechdev.xyz\/index.php?rest_route=\/wp\/v2\/pages\/87","targetHints":{"allow":["GET"]}}],"collection":[{"href":"https:\/\/uptechdev.xyz\/index.php?rest_route=\/wp\/v2\/pages"}],"about":[{"href":"https:\/\/uptechdev.xyz\/index.php?rest_route=\/wp\/v2\/types\/page"}],"author":[{"embeddable":true,"href":"https:\/\/uptechdev.xyz\/index.php?rest_route=\/wp\/v2\/users\/1"}],"replies":[{"embeddable":true,"href":"https:\/\/uptechdev.xyz\/index.php?rest_route=%2Fwp%2Fv2%2Fcomments&post=87"}],"version-history":[{"count":31,"href":"https:\/\/uptechdev.xyz\/index.php?rest_route=\/wp\/v2\/pages\/87\/revisions"}],"predecessor-version":[{"id":476,"href":"https:\/\/uptechdev.xyz\/index.php?rest_route=\/wp\/v2\/pages\/87\/revisions\/476"}],"wp:attachment":[{"href":"https:\/\/uptechdev.xyz\/index.php?rest_route=%2Fwp%2Fv2%2Fmedia&parent=87"}],"curies":[{"name":"wp","href":"https:\/\/api.w.org\/{rel}","templated":true}]}}